{"id":1506,"date":"2025-01-19T17:34:41","date_gmt":"2025-01-19T17:34:41","guid":{"rendered":"https:\/\/inspiringtango.com\/?page_id=1506"},"modified":"2026-03-21T21:02:16","modified_gmt":"2026-03-22T00:02:16","slug":"corina-de-la-rosa","status":"publish","type":"page","link":"https:\/\/inspiringtango.com\/es\/corina-de-la-rosa\/","title":{"rendered":"Corina de la Rosa"},"content":{"rendered":"\t\t<div data-elementor-type=\"wp-page\" data-elementor-id=\"1506\" class=\"elementor elementor-1506\">\n\t\t\t\t<div class=\"elementor-element elementor-element-be5e3d0 e-flex e-con-boxed wpr-particle-no wpr-jarallax-no wpr-parallax-no wpr-sticky-section-no wpr-equal-height-no e-con e-parent\" data-id=\"be5e3d0\" data-element_type=\"container\" data-e-type=\"container\">\n\t\t\t\t\t<div class=\"e-con-inner\">\n\t\t<div class=\"elementor-element elementor-element-ae37225 e-con-full e-flex wpr-particle-no wpr-jarallax-no wpr-parallax-no wpr-sticky-section-no wpr-equal-height-no e-con e-child\" data-id=\"ae37225\" data-element_type=\"container\" data-e-type=\"container\">\n\t\t<div class=\"elementor-element elementor-element-84d1717 e-con-full e-flex wpr-particle-no wpr-jarallax-no wpr-parallax-no wpr-sticky-section-no wpr-equal-height-no e-con e-child\" data-id=\"84d1717\" data-element_type=\"container\" data-e-type=\"container\">\n\t\t\t\t<div class=\"elementor-element elementor-element-854dc17 elementor-invisible elementor-widget elementor-widget-image\" data-id=\"854dc17\" data-element_type=\"widget\" data-e-type=\"widget\" data-settings=\"{&quot;_animation&quot;:&quot;fadeIn&quot;}\" data-widget_type=\"image.default\">\n\t\t\t\t<div class=\"elementor-widget-container\">\n\t\t\t\t\t\t\t\t\t\t\t\t\t\t\t<img fetchpriority=\"high\" decoding=\"async\" width=\"638\" height=\"930\" src=\"https:\/\/inspiringtango.com\/wp-content\/uploads\/2025\/12\/Corina-de-la-Rosa-perfil.webp\" class=\"attachment-large size-large wp-image-11327\" alt=\"\" srcset=\"https:\/\/inspiringtango.com\/wp-content\/uploads\/2025\/12\/Corina-de-la-Rosa-perfil.webp 638w, https:\/\/inspiringtango.com\/wp-content\/uploads\/2025\/12\/Corina-de-la-Rosa-perfil-206x300.webp 206w, https:\/\/inspiringtango.com\/wp-content\/uploads\/2025\/12\/Corina-de-la-Rosa-perfil-8x12.webp 8w, https:\/\/inspiringtango.com\/wp-content\/uploads\/2025\/12\/Corina-de-la-Rosa-perfil-600x875.webp 600w, https:\/\/inspiringtango.com\/wp-content\/uploads\/2025\/12\/Corina-de-la-Rosa-perfil-34x50.webp 34w\" sizes=\"(max-width: 638px) 100vw, 638px\" \/>\t\t\t\t\t\t\t\t\t\t\t\t\t\t\t<\/div>\n\t\t\t\t<\/div>\n\t\t\t\t<div class=\"elementor-element elementor-element-812a6e5 elementor-widget elementor-widget-image\" data-id=\"812a6e5\" data-element_type=\"widget\" data-e-type=\"widget\" data-widget_type=\"image.default\">\n\t\t\t\t<div class=\"elementor-widget-container\">\n\t\t\t\t\t\t\t\t\t\t\t\t\t\t\t<img decoding=\"async\" width=\"640\" height=\"239\" src=\"https:\/\/inspiringtango.com\/wp-content\/uploads\/2026\/03\/Corina-Logo-line-coursive-BLK-1024x383.png\" class=\"attachment-large size-large wp-image-12041\" alt=\"Corina de la Rosa\" srcset=\"https:\/\/inspiringtango.com\/wp-content\/uploads\/2026\/03\/Corina-Logo-line-coursive-BLK-1024x383.png 1024w, https:\/\/inspiringtango.com\/wp-content\/uploads\/2026\/03\/Corina-Logo-line-coursive-BLK-300x112.png 300w, https:\/\/inspiringtango.com\/wp-content\/uploads\/2026\/03\/Corina-Logo-line-coursive-BLK-768x287.png 768w, https:\/\/inspiringtango.com\/wp-content\/uploads\/2026\/03\/Corina-Logo-line-coursive-BLK-18x7.png 18w, https:\/\/inspiringtango.com\/wp-content\/uploads\/2026\/03\/Corina-Logo-line-coursive-BLK-600x225.png 600w, https:\/\/inspiringtango.com\/wp-content\/uploads\/2026\/03\/Corina-Logo-line-coursive-BLK-134x50.png 134w, https:\/\/inspiringtango.com\/wp-content\/uploads\/2026\/03\/Corina-Logo-line-coursive-BLK.png 1443w\" sizes=\"(max-width: 640px) 100vw, 640px\" \/>\t\t\t\t\t\t\t\t\t\t\t\t\t\t\t<\/div>\n\t\t\t\t<\/div>\n\t\t\t\t<div class=\"elementor-element elementor-element-bd99437 elementor-widget__width-initial elementor-invisible elementor-widget elementor-widget-text-editor\" data-id=\"bd99437\" data-element_type=\"widget\" data-e-type=\"widget\" data-settings=\"{&quot;_animation&quot;:&quot;fadeIn&quot;}\" data-widget_type=\"text-editor.default\">\n\t\t\t\t<div class=\"elementor-widget-container\">\n\t\t\t\t\t\t\t\t\t<p>Bailarina, core\u00f3grafa y maestra de tango.<\/p>\t\t\t\t\t\t\t\t<\/div>\n\t\t\t\t<\/div>\n\t\t\t\t<div class=\"elementor-element elementor-element-67c688e elementor-mobile-align-left elementor-align-center elementor-widget elementor-widget-button\" data-id=\"67c688e\" data-element_type=\"widget\" data-e-type=\"widget\" data-widget_type=\"button.default\">\n\t\t\t\t<div class=\"elementor-widget-container\">\n\t\t\t\t\t\t\t\t\t<div class=\"elementor-button-wrapper\">\n\t\t\t\t\t<a class=\"elementor-button elementor-button-link elementor-size-sm\" href=\"https:\/\/corinadelarosa.com\/\">\n\t\t\t\t\t\t<span class=\"elementor-button-content-wrapper\">\n\t\t\t\t\t\t\t\t\t<span class=\"elementor-button-text\">Visit\u00e1 mi web para conocer mi trayectoria, eventos y mucho m\u00e1s<\/span>\n\t\t\t\t\t<\/span>\n\t\t\t\t\t<\/a>\n\t\t\t\t<\/div>\n\t\t\t\t\t\t\t\t<\/div>\n\t\t\t\t<\/div>\n\t\t\t\t<\/div>\n\t\t<div class=\"elementor-element elementor-element-9f85fe0 e-con-full e-flex wpr-particle-no wpr-jarallax-no wpr-parallax-no wpr-sticky-section-no wpr-equal-height-no e-con e-child\" data-id=\"9f85fe0\" data-element_type=\"container\" data-e-type=\"container\">\n\t\t\t\t<div class=\"elementor-element elementor-element-b5e277e elementor-hidden-mobile elementor-widget elementor-widget-heading\" data-id=\"b5e277e\" data-element_type=\"widget\" data-e-type=\"widget\" data-widget_type=\"heading.default\">\n\t\t\t\t<div class=\"elementor-widget-container\">\n\t\t\t\t\t<h2 class=\"elementor-heading-title elementor-size-default\">Corina de la Rosa<\/h2>\t\t\t\t<\/div>\n\t\t\t\t<\/div>\n\t\t\t\t<div class=\"elementor-element elementor-element-7303716 elementor-invisible elementor-widget elementor-widget-text-editor\" data-id=\"7303716\" data-element_type=\"widget\" data-e-type=\"widget\" data-settings=\"{&quot;_animation&quot;:&quot;fadeIn&quot;}\" data-widget_type=\"text-editor.default\">\n\t\t\t\t<div class=\"elementor-widget-container\">\n\t\t\t\t\t\t\t\t\t<p>Naci\u00f3 en 1970 en <strong>una familia tanguera<\/strong> donde se cri\u00f3 escuchando tangos. <strong>Tom\u00f3 contacto con esta danza a los 16 a\u00f1os como complemento de su formaci\u00f3n como bailarina<\/strong>, pero fue reci\u00e9n, en 1994, cuando conoce a quien fue su primer maestro Nestor Ray y descubre el ambiente del <strong>\u201ctango social\u201d<\/strong>.<\/p><p>En 1996 conoce a <strong>Julio Balmaceda<\/strong> quien fue su pareja durante 20 a\u00f1os. Ellos fueron creadores y portadores de un estilo \u00fanico e innovador, conform\u00e1ndose como una gran dupla,<strong> referente en la ense\u00f1anza del tango danza en los florecientes a\u00f1os 90\u2019<\/strong>.<\/p><p>En 1998, <strong>formaron parte del elenco de Broadway de \u201cForever Tango\u201d<\/strong>, por el cual fueron <strong>nominados al premio Tony<\/strong>. Dirigieron varios espect\u00e1culos, coreograf\u00edas y producciones, entre ellos <strong>\u201cTita- Una vida en tiempo de tango\u201d, galardonada con el premio ACE<\/strong>. Corina y Julio compartieron su tango en <strong>Estados Unidos, Europa y Asia<\/strong>. El estilo y modo de ense\u00f1ar de Corina fue creciendo y evolucionando con el correr de los a\u00f1os hasta llegar a ser un <strong>referente en el mundo del Tango<\/strong>, raz\u00f3n por la cual es convocada como <strong>Jurado en campeonatos internacionales y nacionales<\/strong>.<\/p><p>Desde 2007 hasta la actualidad,<strong> en Buenos Aires, dirige el Estudio de la Rosa<\/strong>, donde combina la ense\u00f1anza del <strong>tango y el entrenamiento con el m\u00e9todo Gyrotonic<\/strong>.<\/p><p>Corina es una apasionada del estudio del movimiento corporal. <strong>Incursion\u00f3 y se form\u00f3 en varias disciplinas como Ballet, Danza Contempor\u00e1nea, Rolfing, T\u00e9cnica Alexander, Naturaleza de la Fuerza, Gyrotonic y Gyrokinesis<\/strong>. Esta b\u00fasqueda le permiti\u00f3 desarrollar<strong> una t\u00e9cnica de ense\u00f1anza que ayuda a las personas a encontrar placer y armon\u00eda en el baile a trav\u00e9s del movimiento consciente y sanador<\/strong>; pensando, fundamentalmente, en quienes se acercan al tango sin tener un cuerpo entrenado para la danza y en aquellos bailarines profesionales que quieren poder bailar sin lesionarse y a su vez encontrar un modo de bailar y expresarse personal y org\u00e1nico.<\/p><p>En 2024 cre\u00f3 <span style=\"color: #5d4ba4;\"><strong>Inspiring Tango<\/strong><\/span>, una formaci\u00f3n (presencial y on-line)<strong> dirigida a bailarines profesionales, ense\u00f1antes de tango y personas que, sin querer ense\u00f1ar, quieren profundizar su aprendizaje<\/strong>. <span style=\"color: #5d4ba4;\"><strong>Inspiring tango<\/strong><\/span> ofrece en sus clases todas las vertientes que Corina ha recorrido para formarse ella misma.<\/p><p>El<strong> tango es la expresi\u00f3n, el lenguaje elegido<\/strong>, pero el cuerpo se trabaja a trav\u00e9s de <strong>diferentes t\u00e9cnicas som\u00e1ticas y de movimiento que despiertan las posibilidades de cada persona que las conoce<\/strong>, mostrando puertas o caminos para que los <strong>alumnos sigan participando y encontrando su manera, su tango y c\u00f3mo ense\u00f1arlo<\/strong>.<\/p><p>Amplificar y compartir conocimiento, entender que somos todos parte de lo mismo y que el intercambio es evoluci\u00f3n. <strong>Deconstruir el tango sin perder su esencia e historia y as\u00ed construir un nuevo modo de acercarse, m\u00e1s acorde a la \u00e9poca y las necesidades que vivimos<\/strong>. Poner en valor el abrazo como encuentro, el quehacer de a dos y en comunidad. Esa es la esencia de <span style=\"color: #5d4ba4;\"><strong>Inspiring tango<\/strong><\/span>, inspirar a crear, a aprender, a bailar, a compartir y transmitir todo lo experimentado.<\/p>\t\t\t\t\t\t\t\t<\/div>\n\t\t\t\t<\/div>\n\t\t\t\t<\/div>\n\t\t\t\t<\/div>\n\t\t\t\t\t<\/div>\n\t\t\t\t<\/div>\n\t\t\t\t<\/div>\n\t\t","protected":false},"excerpt":{"rendered":"<p>Bailarina, core\u00f3grafa y maestra de tango. Visit\u00e1 mi web para conocer mi trayectoria, eventos y mucho m\u00e1s Corina de la Rosa Naci\u00f3 en 1970 en<\/p>\n","protected":false},"author":1,"featured_media":0,"parent":0,"menu_order":0,"comment_status":"closed","ping_status":"closed","template":"page-builder.php","meta":{"footnotes":""},"class_list":["post-1506","page","type-page","status-publish","hentry"],"_links":{"self":[{"href":"https:\/\/inspiringtango.com\/es\/wp-json\/wp\/v2\/pages\/1506","targetHints":{"allow":["GET"]}}],"collection":[{"href":"https:\/\/inspiringtango.com\/es\/wp-json\/wp\/v2\/pages"}],"about":[{"href":"https:\/\/inspiringtango.com\/es\/wp-json\/wp\/v2\/types\/page"}],"author":[{"embeddable":true,"href":"https:\/\/inspiringtango.com\/es\/wp-json\/wp\/v2\/users\/1"}],"replies":[{"embeddable":true,"href":"https:\/\/inspiringtango.com\/es\/wp-json\/wp\/v2\/comments?post=1506"}],"version-history":[{"count":42,"href":"https:\/\/inspiringtango.com\/es\/wp-json\/wp\/v2\/pages\/1506\/revisions"}],"predecessor-version":[{"id":12056,"href":"https:\/\/inspiringtango.com\/es\/wp-json\/wp\/v2\/pages\/1506\/revisions\/12056"}],"wp:attachment":[{"href":"https:\/\/inspiringtango.com\/es\/wp-json\/wp\/v2\/media?parent=1506"}],"curies":[{"name":"wp","href":"https:\/\/api.w.org\/{rel}","templated":true}]}}