{"id":1133,"date":"2024-04-15T11:29:53","date_gmt":"2024-04-15T11:29:53","guid":{"rendered":"https:\/\/getmasum.com\/themes-wp\/edumoon\/?page_id=3"},"modified":"2025-02-18T23:16:22","modified_gmt":"2025-02-18T23:16:22","slug":"terms-and-conditions","status":"publish","type":"page","link":"https:\/\/inspiringtango.com\/es\/terms-and-conditions\/","title":{"rendered":"T\u00e9rminos y condiciones"},"content":{"rendered":"\t\t<div data-elementor-type=\"wp-page\" data-elementor-id=\"1133\" class=\"elementor elementor-1133\">\n\t\t\t\t<div class=\"elementor-element elementor-element-120260a8 e-flex e-con-boxed wpr-particle-no wpr-jarallax-no wpr-parallax-no wpr-sticky-section-no wpr-equal-height-no e-con e-parent\" data-id=\"120260a8\" data-element_type=\"container\" data-e-type=\"container\">\n\t\t\t\t\t<div class=\"e-con-inner\">\n\t\t\t\t<div class=\"elementor-element elementor-element-ffcab74 elementor-widget elementor-widget-heading\" data-id=\"ffcab74\" data-element_type=\"widget\" data-e-type=\"widget\" data-widget_type=\"heading.default\">\n\t\t\t\t<div class=\"elementor-widget-container\">\n\t\t\t\t\t<h2 class=\"elementor-heading-title elementor-size-default\">T\u00e9rminos y Condiciones<\/h2>\t\t\t\t<\/div>\n\t\t\t\t<\/div>\n\t\t\t\t<div class=\"elementor-element elementor-element-d26c04d elementor-widget elementor-widget-text-editor\" data-id=\"d26c04d\" data-element_type=\"widget\" data-e-type=\"widget\" data-widget_type=\"text-editor.default\">\n\t\t\t\t<div class=\"elementor-widget-container\">\n\t\t\t\t\t\t\t\t\t<p><strong>Inspiring Tango<\/strong> a trav\u00e9s de este portal web una formaci\u00f3n en danza de manera online. El prestador, responsable del sitio web, pone a disposici\u00f3n de los usuarios el presente documento con el que pretende dar cumplimiento a las obligaciones legales, as\u00ed como informar a todos los usuarios del sitio web respecto a cu\u00e1les son las condiciones de uso del sitio web. Toda persona que acceda a este sitio web asume el papel de usuario, comprometi\u00e9ndose a la observancia y cumplimiento riguroso de las disposiciones aqu\u00ed dispuestas, as\u00ed como a cualesquiera otra disposici\u00f3n legal que fuera de aplicaci\u00f3n. El prestador se reserva el derecho a modificar cualquier tipo de informaci\u00f3n que pudiera aparecer en el sitio web, sin que exista obligaci\u00f3n de preavisar o poner en conocimiento de los usuarios dichas obligaciones, entendi\u00e9ndose como suficiente con la publicaci\u00f3n en el sitio web del prestador.<\/p>\t\t\t\t\t\t\t\t<\/div>\n\t\t\t\t<\/div>\n\t\t\t\t<div class=\"elementor-element elementor-element-71902a6 elementor-widget elementor-widget-heading\" data-id=\"71902a6\" data-element_type=\"widget\" data-e-type=\"widget\" data-widget_type=\"heading.default\">\n\t\t\t\t<div class=\"elementor-widget-container\">\n\t\t\t\t\t<h4 class=\"elementor-heading-title elementor-size-default\">Responsabilidad<\/h4>\t\t\t\t<\/div>\n\t\t\t\t<\/div>\n\t\t\t\t<div class=\"elementor-element elementor-element-be6321a elementor-widget elementor-widget-text-editor\" data-id=\"be6321a\" data-element_type=\"widget\" data-e-type=\"widget\" data-widget_type=\"text-editor.default\">\n\t\t\t\t<div class=\"elementor-widget-container\">\n\t\t\t\t\t\t\t\t\t<p><strong>a) Usuarios:<\/strong><\/p>\n<p>La navegaci\u00f3n, acceso y uso por el sitio web de <strong>Inspiring Tango<\/strong> confiere la condici\u00f3n de usuario, por la que se aceptan, desde la navegaci\u00f3n por el sitio web, todas las condiciones de uso aqu\u00ed establecidas. El sitio web de <strong>Inspiring Tango<\/strong> proporciona gran diversidad de informaci\u00f3n, servicios y datos. El usuario asume su responsabilidad en el uso correcto del sitio web. Esta responsabilidad se extender\u00e1 a: El uso de la informaci\u00f3n, servicios y datos ofrecidos por <strong>Inspiring Tango<\/strong> contrariamente a lo dispuesto por las presentes condiciones, la Ley, la moral, las buenas costumbres o el orden p\u00fablico, o que de cualquier otro modo puedan suponer lesi\u00f3n de los derechos de terceros o del mismo funcionamiento del sitio web. Usar cualquier dispositivo, software, virus, malware, o rutina para interferir o intentar interferir el buen funcionamiento del sitio, el uso de \u201cphishing\u201d, o suplantaci\u00f3n de la identidad de otra persona actuando en su nombre, el uso de la p\u00e1gina web para publicitarse a trav\u00e9s de la presencia de links, marketing on-line o cualquier otro medio que pudiera suponer el uso de publicidad fraudulenta. La publicaci\u00f3n de cualquier contenido que resulte amenazante o violento. La estafa en la informaci\u00f3n que se publique por parte del usuario, que lleve consigo al enga\u00f1o, como puede ser que conlleve al robo o sustracci\u00f3n de objetos o dinero, y en definitiva a realizar un acto delictivo o una actividad ilegal. Todo usuario que no respete estas normas se le excluir\u00e1 el acceso a la website, poni\u00e9ndolo en comunicaci\u00f3n, si fuera necesario, de las autoridades competentes. El usuario acepta que <strong>Inspiring Tango<\/strong> no tiene ning\u00fan tipo de responsabilidad sobre los da\u00f1os o perjuicios de cualquier naturaleza ocasionados con motivo de sus negociaciones, conversaciones y\/o relaciones contractuales o extracontractuales con terceras personas f\u00edsicas o jur\u00eddicas contactadas a trav\u00e9s del portal. El usuario exime al instructor y al organizador de toda responsabilidad por cualquier reclamaci\u00f3n, demanda, da\u00f1o, lesi\u00f3n personal o enfermedad sufrida por el usuario durante las lecciones o en cualquier actividad relacionada con las mismas.<\/p>\n<p><strong> b) El prestador del servicio<\/strong><\/p>\n<p>Como prestadores, estamos obligados a prestar los servicios suscritos, a responder a las reclamaciones del cliente, a garantizar eficazmente el secreto de las comunicaciones y a reparar aver\u00edas que se puedan producir en la infraestructura tecnol\u00f3gica necesaria para la prestaci\u00f3n de los servicios. <strong>Inspiring Tango<\/strong> no ser\u00e1 responsable, ni indirectamente ni subsidiariamente, de la p\u00e9rdida econ\u00f3mica o reputaci\u00f3n, ni de ninguna clase de da\u00f1os especiales, indirectos o emergentes, resultantes de la utilizaci\u00f3n del sitio web o de la formaci\u00f3n por parte del usuario. <strong>Inspiring Tango<\/strong> est\u00e1 facultada para dar por terminada, suspender o interrumpir unilateralmente, en cualquier momento y sin necesidad de preaviso, la prestaci\u00f3n del servicio y del portal y\/o cualquiera de los servicios. <strong>Inspiring Tango<\/strong> no garantiza la disponibilidad, el acceso y\/o la continuidad del funcionamiento del portal y de sus servicios. Asimismo, <strong>Inspiring Tango<\/strong> no ser\u00e1 responsable, de los da\u00f1os y perjuicios causados al usuario como consecuencia de la indisponibilidad, fallos de acceso y falta de continuidad del portal y de sus servicios. Este sitio web ha sido revisado y probado para que funcione correctamente. En principio, puede garantizarse el correcto funcionamiento los 365 d\u00edas del a\u00f1o, 24 horas al d\u00eda. No obstante, el prestador no descarta la posibilidad de que existan ciertos errores de programaci\u00f3n, o que acontezcan causas de fuerza mayor, cat\u00e1strofes naturales, huelgas, o circunstancias semejantes que hagan imposible el acceso a la p\u00e1gina web. Nos reservamos el derecho a suspender temporalmente y sin necesidad de previo aviso, la accesibilidad a nuestra Web en caso de efectuar operaciones de mantenimiento, reparaci\u00f3n, actualizaci\u00f3n o mejora de los servicios, as\u00ed como a modificar las condiciones de acceso de la misma.<\/p>\t\t\t\t\t\t\t\t<\/div>\n\t\t\t\t<\/div>\n\t\t\t\t<div class=\"elementor-element elementor-element-0a7b29d elementor-widget elementor-widget-heading\" data-id=\"0a7b29d\" data-element_type=\"widget\" data-e-type=\"widget\" data-widget_type=\"heading.default\">\n\t\t\t\t<div class=\"elementor-widget-container\">\n\t\t\t\t\t<h4 class=\"elementor-heading-title elementor-size-default\">Derecho de admisi\u00f3n<\/h4>\t\t\t\t<\/div>\n\t\t\t\t<\/div>\n\t\t\t\t<div class=\"elementor-element elementor-element-5a1cffe elementor-widget elementor-widget-text-editor\" data-id=\"5a1cffe\" data-element_type=\"widget\" data-e-type=\"widget\" data-widget_type=\"text-editor.default\">\n\t\t\t\t<div class=\"elementor-widget-container\">\n\t\t\t\t\t\t\t\t\t<p><strong>Inspiring Tango<\/strong> se reserva el derecho de rechazar la admisi\u00f3n a cualquiera de nuestros eventos de formaci\u00f3n, sin alegar causa. \u00a0Si un estudiante llega tarde al inicio de una clase, podr\u00eda ser rechazado por <strong>Inspiring Tango<\/strong>. Analizaremos las circunstancias en cada caso maximizando el inter\u00e9s del grupo.<\/p>\t\t\t\t\t\t\t\t<\/div>\n\t\t\t\t<\/div>\n\t\t\t\t<div class=\"elementor-element elementor-element-50284c7 elementor-widget elementor-widget-heading\" data-id=\"50284c7\" data-element_type=\"widget\" data-e-type=\"widget\" data-widget_type=\"heading.default\">\n\t\t\t\t<div class=\"elementor-widget-container\">\n\t\t\t\t\t<h4 class=\"elementor-heading-title elementor-size-default\">Propiedad Intelectual :<\/h4>\t\t\t\t<\/div>\n\t\t\t\t<\/div>\n\t\t\t\t<div class=\"elementor-element elementor-element-093d7e8 elementor-widget elementor-widget-text-editor\" data-id=\"093d7e8\" data-element_type=\"widget\" data-e-type=\"widget\" data-widget_type=\"text-editor.default\">\n\t\t\t\t<div class=\"elementor-widget-container\">\n\t\t\t\t\t\t\t\t\t<p><strong>Afecta a:<\/strong><\/p>\n<p>El material gr\u00e1fico o de cualquier otro tipo que forma parte de los cursos, clases, retiros, sesiones, webinars, etc, organizados por <strong>Inspiring Tango<\/strong> y prestados por cualquier medio, como: el sitio web, email, plataformas de terceros, etc. El material gr\u00e1fico o de cualquier otra naturaleza capturado durante los cursos, clases, retiros, sesiones, webinars, etc prestados de forma presencial u online. Independientemente de la finalidad para la que fueran destinados, la captura, reproducci\u00f3n total o parcial, uso, explotaci\u00f3n, distribuci\u00f3n y comercializaci\u00f3n, requiere en todo caso de la autorizaci\u00f3n escrita previa por parte de <strong>Inspiring Tango<\/strong>. Cualquier uso no autorizado previamente por parte del prestador ser\u00e1 considerado un incumplimiento grave de los derechos de propiedad intelectual o industrial del autor. Los dise\u00f1os, logotipos, texto y\/o gr\u00e1ficos ajenos al prestador y que pudieran aparecer en el sitio web, pertenecen a sus respectivos propietarios, siendo ellos mismos responsables de cualquier posible controversia que pudiera suscitarse respecto a los mismos. En todo caso, el prestador cuenta con la autorizaci\u00f3n por parte de los mismos. El material gr\u00e1fico tomado durante los cursos, talleres, retiros o clases presenciales u online, se puede usar en cualquier forma que <strong>Inspiring Tango<\/strong> considere conveniente incluso en la comercializaci\u00f3n o promoci\u00f3n, as\u00ed como en redes sociales, el sitio web de la empresa, etc. Al aceptar estos t\u00e9rminos y condiciones, los alumnos otorgan permiso total para la grabaci\u00f3n y publicaci\u00f3n de este tipo de material. <strong>Inspiring Tango <\/strong>no se responsabiliza por el uso del material gr\u00e1fico tomado por los estudiantes o profesores. Los materiales que forman parte de cualquier curso, clase o taller, incluidos, entre otros, los manuales, el dise\u00f1o general del sitio web de <strong>Inspiring Tango<\/strong>, los logotipos, las marcas registradas y el contenido de las p\u00e1ginas web son propiedad de <strong>Inspiring Tango<\/strong>. Grabarla y\/o Compartir esta informaci\u00f3n con terceros y\/o usarla para obtener ganancias est\u00e1 estrictamente prohibido sin el permiso expreso y por adelantado de <strong>Inspiring Tango<\/strong>. Para realizar cualquier tipo de observaci\u00f3n respecto a posibles incumplimientos de los derechos de propiedad intelectual o industrial, as\u00ed como sobre cualquiera de los contenidos del sitio web, puede hacerlo a trav\u00e9s del siguiente correo electr\u00f3nico info@inspiringtango.com<\/p>\t\t\t\t\t\t\t\t<\/div>\n\t\t\t\t<\/div>\n\t\t\t\t<div class=\"elementor-element elementor-element-e8bb800 elementor-widget elementor-widget-heading\" data-id=\"e8bb800\" data-element_type=\"widget\" data-e-type=\"widget\" data-widget_type=\"heading.default\">\n\t\t\t\t<div class=\"elementor-widget-container\">\n\t\t\t\t\t<h4 class=\"elementor-heading-title elementor-size-default\">Protecci\u00f3n de datos :<\/h4>\t\t\t\t<\/div>\n\t\t\t\t<\/div>\n\t\t\t\t<div class=\"elementor-element elementor-element-7b60a6d elementor-widget elementor-widget-text-editor\" data-id=\"7b60a6d\" data-element_type=\"widget\" data-e-type=\"widget\" data-widget_type=\"text-editor.default\">\n\t\t\t\t<div class=\"elementor-widget-container\">\n\t\t\t\t\t\t\t\t\t<p>De conformidad con lo establecido en la normativa vigente en Protecci\u00f3n de Datos de Car\u00e1cter Personal, le informamos que sus datos ser\u00e1n incorporados al sistema de tratamiento titularidad de <strong>Inspiring Tango<\/strong> con la finalidad de la gesti\u00f3n de la actividad de cursos, incluida la gesti\u00f3n, tramitaci\u00f3n, pago de actividades y promoci\u00f3n. Mientras no nos comunique lo contrario, entenderemos que sus datos no han sido modificados, que usted se compromete a notificarnos cualquier variaci\u00f3n y que tenemos su consentimiento para utilizarlos para las finalidades mencionadas. <strong>Inspiring Tango<\/strong> informa que proceder\u00e1 a tratar los datos de manera l\u00edcita, leal, transparente, adecuada, pertinente, limitada, exacta y actualizada. Es por ello que <strong>Inspiring Tango<\/strong> se compromete a adoptar todas las medidas razonables para que estos se supriman o rectifiquen sin dilaci\u00f3n cuando sean inexactos. <strong>Inspiring Tango<\/strong> puede transferir los datos de contacto (nombre, correo electr\u00f3nico y n\u00famero de tel\u00e9fono, direcci\u00f3n y otros) a los socios de <strong>Inspiring Tango<\/strong>. De acuerdo con los derechos que le confiere en la normativa vigente en protecci\u00f3n de datos podr\u00e1 ejercer los derechos de acceso, rectificaci\u00f3n, limitaci\u00f3n de tratamiento, supresi\u00f3n, portabilidad y oposici\u00f3n al tratamiento de sus datos de car\u00e1cter personal as\u00ed como del consentimiento prestado para el tratamiento de los mismos, dirigiendo su petici\u00f3n a la direcci\u00f3n postal indicada m\u00e1s arriba o al correo electr\u00f3nico info@inspiringtango.com<\/p>\t\t\t\t\t\t\t\t<\/div>\n\t\t\t\t<\/div>\n\t\t\t\t<div class=\"elementor-element elementor-element-80d2239 elementor-widget elementor-widget-heading\" data-id=\"80d2239\" data-element_type=\"widget\" data-e-type=\"widget\" data-widget_type=\"heading.default\">\n\t\t\t\t<div class=\"elementor-widget-container\">\n\t\t\t\t\t<h4 class=\"elementor-heading-title elementor-size-default\">Comercio Electr\u00f3nico :<\/h4>\t\t\t\t<\/div>\n\t\t\t\t<\/div>\n\t\t\t\t<div class=\"elementor-element elementor-element-15d78e6 elementor-widget elementor-widget-text-editor\" data-id=\"15d78e6\" data-element_type=\"widget\" data-e-type=\"widget\" data-widget_type=\"text-editor.default\">\n\t\t\t\t<div class=\"elementor-widget-container\">\n\t\t\t\t\t\t\t\t\t<p><strong>Inspiring Tango<\/strong> no garantiza plaza en ninguna de nuestras formaciones hasta haber recibido el 100% del dep\u00f3sito y haber comunicado la reserva al alumno. \u00a0<strong>Inspiring Tango<\/strong> tiene plena autoridad para ofrecer descuentos y facilidades de pago en cualquier momento y a cualquier alumno, grupo u organizaci\u00f3n. Esto no supone que otros alumnos tengan acceso a los mismos descuentos y condiciones. <strong>Inspiring Tango<\/strong> no acepta ninguna responsabilidad por cancelaciones, demoras, cambios o p\u00e9rdidas causadas por causas de fuerza mayor como, interrupci\u00f3n de las comunicaciones, guerras y amenazas de guerra, cierre de aeropuertos, conflictos civiles, desastres naturales, accidentes o cualquier otro evento fuera de nuestro control. Esto incluye lesiones, enfermedades, afecciones m\u00e9dicas o psiqui\u00e1tricas de los estudiantes desarrolladas durante o despu\u00e9s del curso, as\u00ed como la p\u00e9rdida o da\u00f1o a la propiedad personal durante el entrenamiento y estancia en el centro. En el improbable caso de que se cancele la formaci\u00f3n de <strong>Inspiring Tango<\/strong>, se reembolsar\u00e1 el 100% del pago, o se ofrecer\u00e1 un curso de formaci\u00f3n en otra ubicaci\u00f3n o fecha. Cuando un alumno cancela una inscripci\u00f3n por cualquier motivo, el dep\u00f3sito no es reembolsable.<\/p>\t\t\t\t\t\t\t\t<\/div>\n\t\t\t\t<\/div>\n\t\t\t\t<div class=\"elementor-element elementor-element-48c5d43 elementor-widget elementor-widget-heading\" data-id=\"48c5d43\" data-element_type=\"widget\" data-e-type=\"widget\" data-widget_type=\"heading.default\">\n\t\t\t\t<div class=\"elementor-widget-container\">\n\t\t\t\t\t<h4 class=\"elementor-heading-title elementor-size-default\">Lesiones o enfermedades antes, durante o despu\u00e9s del entrenamiento :<\/h4>\t\t\t\t<\/div>\n\t\t\t\t<\/div>\n\t\t\t\t<div class=\"elementor-element elementor-element-304eed0 elementor-widget elementor-widget-text-editor\" data-id=\"304eed0\" data-element_type=\"widget\" data-e-type=\"widget\" data-widget_type=\"text-editor.default\">\n\t\t\t\t<div class=\"elementor-widget-container\">\n\t\t\t\t\t\t\t\t\t<p>Al participar en las actividades presenciales u online, los alumnos aceptan que tienen el control y la direcci\u00f3n de todas sus actividades y asumen voluntariamente toda responsabilidad y aceptan cualquier riesgo o da\u00f1o, incluyendo lesiones f\u00edsicas y molestias que se manifiesten durante los programas o que sean resultado de la participaci\u00f3n en las actividades.\u00a0 <strong>Inspiring Tango <\/strong>no acepta ninguna responsabilidad por lesiones o enfermedades que ocurran a los alumnos durante los entrenamientos, talleres, retiros o clases dentro o fuera de la sede. Los alumnos tienen responsabilidad de consultar a un m\u00e9dico antes y con respecto a su participaci\u00f3n en los Eventos de <strong>Inspiring Tango<\/strong> y se acepta que <strong>Inspiring Tango<\/strong> no tiene obligaci\u00f3n ni responsabilidad m\u00e9dica sobre los estudiantes. Recopilar informaci\u00f3n sobre la condici\u00f3n m\u00e9dica\/salud de los alumnos, no supone la asunci\u00f3n de responsabilidades.<\/p>\t\t\t\t\t\t\t\t<\/div>\n\t\t\t\t<\/div>\n\t\t\t\t<div class=\"elementor-element elementor-element-e1ad72a elementor-widget elementor-widget-heading\" data-id=\"e1ad72a\" data-element_type=\"widget\" data-e-type=\"widget\" data-widget_type=\"heading.default\">\n\t\t\t\t<div class=\"elementor-widget-container\">\n\t\t\t\t\t<h4 class=\"elementor-heading-title elementor-size-default\">Cambios de nuestra pol\u00edtica :<\/h4>\t\t\t\t<\/div>\n\t\t\t\t<\/div>\n\t\t\t\t<div class=\"elementor-element elementor-element-13ac3ae elementor-widget elementor-widget-text-editor\" data-id=\"13ac3ae\" data-element_type=\"widget\" data-e-type=\"widget\" data-widget_type=\"text-editor.default\">\n\t\t\t\t<div class=\"elementor-widget-container\">\n\t\t\t\t\t\t\t\t\t<p><strong>Inspiring Tango<\/strong> se reserva el derecho de revisar y cambiar estos t\u00e9rminos y condiciones en cualquier momento, en cuyo caso se revisan se publicar\u00e1n en este sitio web.<\/p>\t\t\t\t\t\t\t\t<\/div>\n\t\t\t\t<\/div>\n\t\t\t\t<div class=\"elementor-element elementor-element-4543634 elementor-widget elementor-widget-heading\" data-id=\"4543634\" data-element_type=\"widget\" data-e-type=\"widget\" data-widget_type=\"heading.default\">\n\t\t\t\t<div class=\"elementor-widget-container\">\n\t\t\t\t\t<h4 class=\"elementor-heading-title elementor-size-default\">Cambios de programa :<\/h4>\t\t\t\t<\/div>\n\t\t\t\t<\/div>\n\t\t\t\t<div class=\"elementor-element elementor-element-1d41481 elementor-widget elementor-widget-text-editor\" data-id=\"1d41481\" data-element_type=\"widget\" data-e-type=\"widget\" data-widget_type=\"text-editor.default\">\n\t\t\t\t<div class=\"elementor-widget-container\">\n\t\t\t\t\t\t\t\t\t<p><strong>Inspiring Tango<\/strong>\u00a0se reserva el derecho a alterar los programas o planes de estudios, sin necesidad de notificaci\u00f3n.<\/p>\t\t\t\t\t\t\t\t<\/div>\n\t\t\t\t<\/div>\n\t\t\t\t\t<\/div>\n\t\t\t\t<\/div>\n\t\t\t\t<\/div>\n\t\t","protected":false},"excerpt":{"rendered":"<p>T\u00e9rminos y Condiciones Inspiring Tango a trav\u00e9s de este portal web una formaci\u00f3n en danza de manera online. El prestador, responsable del sitio web, pone<\/p>\n","protected":false},"author":1,"featured_media":0,"parent":0,"menu_order":0,"comment_status":"closed","ping_status":"closed","template":"fullwidth.php","meta":{"footnotes":""},"class_list":["post-1133","page","type-page","status-publish","hentry"],"_links":{"self":[{"href":"https:\/\/inspiringtango.com\/es\/wp-json\/wp\/v2\/pages\/1133","targetHints":{"allow":["GET"]}}],"collection":[{"href":"https:\/\/inspiringtango.com\/es\/wp-json\/wp\/v2\/pages"}],"about":[{"href":"https:\/\/inspiringtango.com\/es\/wp-json\/wp\/v2\/types\/page"}],"author":[{"embeddable":true,"href":"https:\/\/inspiringtango.com\/es\/wp-json\/wp\/v2\/users\/1"}],"replies":[{"embeddable":true,"href":"https:\/\/inspiringtango.com\/es\/wp-json\/wp\/v2\/comments?post=1133"}],"version-history":[{"count":30,"href":"https:\/\/inspiringtango.com\/es\/wp-json\/wp\/v2\/pages\/1133\/revisions"}],"predecessor-version":[{"id":2729,"href":"https:\/\/inspiringtango.com\/es\/wp-json\/wp\/v2\/pages\/1133\/revisions\/2729"}],"wp:attachment":[{"href":"https:\/\/inspiringtango.com\/es\/wp-json\/wp\/v2\/media?parent=1133"}],"curies":[{"name":"wp","href":"https:\/\/api.w.org\/{rel}","templated":true}]}}