{"id":1506,"date":"2025-01-19T17:34:41","date_gmt":"2025-01-19T17:34:41","guid":{"rendered":"https:\/\/inspiringtango.com\/?page_id=1506"},"modified":"2026-03-21T21:02:16","modified_gmt":"2026-03-22T00:02:16","slug":"corina-de-la-rosa","status":"publish","type":"page","link":"https:\/\/inspiringtango.com\/en\/corina-de-la-rosa\/","title":{"rendered":"Corina de la Rosa"},"content":{"rendered":"<div data-elementor-type=\"wp-page\" data-elementor-id=\"1506\" class=\"elementor elementor-1506\">\n\t\t\t\t<div class=\"elementor-element elementor-element-be5e3d0 e-flex e-con-boxed wpr-particle-no wpr-jarallax-no wpr-parallax-no wpr-sticky-section-no wpr-equal-height-no e-con e-parent\" data-id=\"be5e3d0\" data-element_type=\"container\" data-e-type=\"container\">\n\t\t\t\t\t<div class=\"e-con-inner\">\n\t\t<div class=\"elementor-element elementor-element-ae37225 e-con-full e-flex wpr-particle-no wpr-jarallax-no wpr-parallax-no wpr-sticky-section-no wpr-equal-height-no e-con e-child\" data-id=\"ae37225\" data-element_type=\"container\" data-e-type=\"container\">\n\t\t<div class=\"elementor-element elementor-element-84d1717 e-con-full e-flex wpr-particle-no wpr-jarallax-no wpr-parallax-no wpr-sticky-section-no wpr-equal-height-no e-con e-child\" data-id=\"84d1717\" data-element_type=\"container\" data-e-type=\"container\">\n\t\t\t\t<div class=\"elementor-element elementor-element-854dc17 elementor-invisible elementor-widget elementor-widget-image\" data-id=\"854dc17\" data-element_type=\"widget\" data-e-type=\"widget\" data-settings=\"{&quot;_animation&quot;:&quot;fadeIn&quot;}\" data-widget_type=\"image.default\">\n\t\t\t\t<div class=\"elementor-widget-container\">\n\t\t\t\t\t\t\t\t\t\t\t\t\t\t\t<img fetchpriority=\"high\" decoding=\"async\" width=\"638\" height=\"930\" src=\"https:\/\/inspiringtango.com\/wp-content\/uploads\/2025\/12\/Corina-de-la-Rosa-perfil.webp\" class=\"attachment-large size-large wp-image-11327\" alt=\"\" srcset=\"https:\/\/inspiringtango.com\/wp-content\/uploads\/2025\/12\/Corina-de-la-Rosa-perfil.webp 638w, https:\/\/inspiringtango.com\/wp-content\/uploads\/2025\/12\/Corina-de-la-Rosa-perfil-206x300.webp 206w, https:\/\/inspiringtango.com\/wp-content\/uploads\/2025\/12\/Corina-de-la-Rosa-perfil-8x12.webp 8w, https:\/\/inspiringtango.com\/wp-content\/uploads\/2025\/12\/Corina-de-la-Rosa-perfil-600x875.webp 600w, https:\/\/inspiringtango.com\/wp-content\/uploads\/2025\/12\/Corina-de-la-Rosa-perfil-34x50.webp 34w\" sizes=\"(max-width: 638px) 100vw, 638px\" \/>\t\t\t\t\t\t\t\t\t\t\t\t\t\t\t<\/div>\n\t\t\t\t<\/div>\n\t\t\t\t<div class=\"elementor-element elementor-element-812a6e5 elementor-widget elementor-widget-image\" data-id=\"812a6e5\" data-element_type=\"widget\" data-e-type=\"widget\" data-widget_type=\"image.default\">\n\t\t\t\t<div class=\"elementor-widget-container\">\n\t\t\t\t\t\t\t\t\t\t\t\t\t\t\t<img decoding=\"async\" width=\"640\" height=\"239\" src=\"https:\/\/inspiringtango.com\/wp-content\/uploads\/2026\/03\/Corina-Logo-line-coursive-BLK-1024x383.png\" class=\"attachment-large size-large wp-image-12041\" alt=\"Corina de la Rosa\" srcset=\"https:\/\/inspiringtango.com\/wp-content\/uploads\/2026\/03\/Corina-Logo-line-coursive-BLK-1024x383.png 1024w, https:\/\/inspiringtango.com\/wp-content\/uploads\/2026\/03\/Corina-Logo-line-coursive-BLK-300x112.png 300w, https:\/\/inspiringtango.com\/wp-content\/uploads\/2026\/03\/Corina-Logo-line-coursive-BLK-768x287.png 768w, https:\/\/inspiringtango.com\/wp-content\/uploads\/2026\/03\/Corina-Logo-line-coursive-BLK-18x7.png 18w, https:\/\/inspiringtango.com\/wp-content\/uploads\/2026\/03\/Corina-Logo-line-coursive-BLK-600x225.png 600w, https:\/\/inspiringtango.com\/wp-content\/uploads\/2026\/03\/Corina-Logo-line-coursive-BLK-134x50.png 134w, https:\/\/inspiringtango.com\/wp-content\/uploads\/2026\/03\/Corina-Logo-line-coursive-BLK.png 1443w\" sizes=\"(max-width: 640px) 100vw, 640px\" \/>\t\t\t\t\t\t\t\t\t\t\t\t\t\t\t<\/div>\n\t\t\t\t<\/div>\n\t\t\t\t<div class=\"elementor-element elementor-element-bd99437 elementor-widget__width-initial elementor-invisible elementor-widget elementor-widget-text-editor\" data-id=\"bd99437\" data-element_type=\"widget\" data-e-type=\"widget\" data-settings=\"{&quot;_animation&quot;:&quot;fadeIn&quot;}\" data-widget_type=\"text-editor.default\">\n\t\t\t\t<div class=\"elementor-widget-container\">\n\t\t\t\t\t\t\t\t\t<p>Dancer, choreographer, and tango teacher.<\/p>\t\t\t\t\t\t\t\t<\/div>\n\t\t\t\t<\/div>\n\t\t\t\t<div class=\"elementor-element elementor-element-67c688e elementor-mobile-align-left elementor-align-center elementor-widget elementor-widget-button\" data-id=\"67c688e\" data-element_type=\"widget\" data-e-type=\"widget\" data-widget_type=\"button.default\">\n\t\t\t\t<div class=\"elementor-widget-container\">\n\t\t\t\t\t\t\t\t\t<div class=\"elementor-button-wrapper\">\n\t\t\t\t\t<a class=\"elementor-button elementor-button-link elementor-size-sm\" href=\"https:\/\/corinadelarosa.com\/\">\n\t\t\t\t\t\t<span class=\"elementor-button-content-wrapper\">\n\t\t\t\t\t\t\t\t\t<span class=\"elementor-button-text\">Visit\u00e1 mi web para conocer mi trayectoria, eventos y mucho m\u00e1s<\/span>\n\t\t\t\t\t<\/span>\n\t\t\t\t\t<\/a>\n\t\t\t\t<\/div>\n\t\t\t\t\t\t\t\t<\/div>\n\t\t\t\t<\/div>\n\t\t\t\t<\/div>\n\t\t<div class=\"elementor-element elementor-element-9f85fe0 e-con-full e-flex wpr-particle-no wpr-jarallax-no wpr-parallax-no wpr-sticky-section-no wpr-equal-height-no e-con e-child\" data-id=\"9f85fe0\" data-element_type=\"container\" data-e-type=\"container\">\n\t\t\t\t<div class=\"elementor-element elementor-element-b5e277e elementor-hidden-mobile elementor-widget elementor-widget-heading\" data-id=\"b5e277e\" data-element_type=\"widget\" data-e-type=\"widget\" data-widget_type=\"heading.default\">\n\t\t\t\t<div class=\"elementor-widget-container\">\n\t\t\t\t\t<h2 class=\"elementor-heading-title elementor-size-default\">Corina de la Rosa<\/h2>\t\t\t\t<\/div>\n\t\t\t\t<\/div>\n\t\t\t\t<div class=\"elementor-element elementor-element-7303716 elementor-invisible elementor-widget elementor-widget-text-editor\" data-id=\"7303716\" data-element_type=\"widget\" data-e-type=\"widget\" data-settings=\"{&quot;_animation&quot;:&quot;fadeIn&quot;}\" data-widget_type=\"text-editor.default\">\n\t\t\t\t<div class=\"elementor-widget-container\">\n\t\t\t\t\t\t\t\t\t<p class=\"translation-block\">She was born in 1970 into a <strong>tango family<\/strong>, where she grew up listening to tangos. She <strong>became acquainted with this dance at the age of 16 as a complement to her training as a dancer<\/strong>, but it was only in 1994 when she met her first teacher, Nestor Ray, and discovered the world of <strong>\"social tango\"<\/strong>.<\/p><p class=\"translation-block\">In 1996, she met <strong>Julio Balmaceda<\/strong>, who became her partner for 20 years. They were creators and bearers of a unique and innovative style, forming a great duo, <strong>a reference in tango dance teaching during the flourishing 90s<\/strong>.<\/p><p class=\"translation-block\">In 1998, they <strong>became part of the Broadway cast of \u201cForever Tango\u201d<\/strong>, for which they were <strong>nominated for a Tony Award<\/strong>. They directed several shows, choreographies, and productions, including <strong>\u201cTita - Una vida en tiempo de tango,\u201d awarded the ACE Prize<\/strong>. Corina and Julio shared their tango in <strong>the United States, Europe, and Asia<\/strong>. Corina's style and teaching approach grew and evolved over the years, eventually becoming a <strong>reference in the world of Tango<\/strong>, which is why she is invited as a <strong>judge in international and national competitions<\/strong>.<\/p><p class=\"translation-block\">Since 2007 until the present, <strong>in Buenos Aires, she has been leading the Estudio de la Rosa<\/strong>, where she combines the teaching of <strong>tango and training with the Gyrotonic method<\/strong>.<\/p><p class=\"translation-block\">Corina is passionate about the study of body movement. <strong>She ventured into and trained in various disciplines such as Ballet, Contemporary Dance, Rolfing, Alexander Technique, Nature of Force, Gyrotonic, and Gyrokinesis<\/strong>. This search allowed her to develop <strong>a teaching technique that helps people find pleasure and harmony in dance through conscious and healing movement<\/strong>; primarily focusing on those who approach tango without a body trained for dance and on professional dancers who want to dance without injuring themselves and, at the same time, find a personal and organic way to dance and express themselves.<\/p><p class=\"translation-block\">In 2024, she created <span style=\"color: #5d4ba4\"><strong>Inspiring Tango<\/strong><\/span>, a training program (in-person and online) <strong>designed for professional dancers, tango teachers, and individuals who, without aiming to teach, want to deepen their learning<\/strong>. <span style=\"color: #5d4ba4\"><strong>Inspiring Tango<\/strong><\/span> offers in its classes all the paths that Corina has traveled to train herself.<\/p><p class=\"translation-block\">Tango is the expression, the chosen language, but the body is worked through <strong>different somatic techniques and movement that awaken the possibilities of each person who encounters them<\/strong>, showing doors or paths for students to continue participating and finding their own way, their tango, and how to teach it.<\/p><p class=\"translation-block\">Amplify and share knowledge, understanding that we are all part of the same and that exchange is evolution. <strong>Deconstruct tango without losing its essence and history, thus building a new way of approaching it, more in line with the times and the needs we live<\/strong>. Value the embrace as a meeting, the act of being together, and in community. This is the essence of <span style=\"color: #5d4ba4\"><strong>Inspiring Tango<\/strong><\/span>, inspiring to create, to learn, to dance, to share, and to transmit everything experienced.<\/p>\t\t\t\t\t\t\t\t<\/div>\n\t\t\t\t<\/div>\n\t\t\t\t<\/div>\n\t\t\t\t<\/div>\n\t\t\t\t\t<\/div>\n\t\t\t\t<\/div>\n\t\t\t\t<\/div>","protected":false},"excerpt":{"rendered":"<p>Bailarina, core\u00f3grafa y maestra de tango. Visit\u00e1 mi web para conocer mi trayectoria, eventos y mucho m\u00e1s Corina de la Rosa Naci\u00f3 en 1970 en<\/p>","protected":false},"author":1,"featured_media":0,"parent":0,"menu_order":0,"comment_status":"closed","ping_status":"closed","template":"page-builder.php","meta":{"footnotes":""},"class_list":["post-1506","page","type-page","status-publish","hentry"],"_links":{"self":[{"href":"https:\/\/inspiringtango.com\/en\/wp-json\/wp\/v2\/pages\/1506","targetHints":{"allow":["GET"]}}],"collection":[{"href":"https:\/\/inspiringtango.com\/en\/wp-json\/wp\/v2\/pages"}],"about":[{"href":"https:\/\/inspiringtango.com\/en\/wp-json\/wp\/v2\/types\/page"}],"author":[{"embeddable":true,"href":"https:\/\/inspiringtango.com\/en\/wp-json\/wp\/v2\/users\/1"}],"replies":[{"embeddable":true,"href":"https:\/\/inspiringtango.com\/en\/wp-json\/wp\/v2\/comments?post=1506"}],"version-history":[{"count":42,"href":"https:\/\/inspiringtango.com\/en\/wp-json\/wp\/v2\/pages\/1506\/revisions"}],"predecessor-version":[{"id":12056,"href":"https:\/\/inspiringtango.com\/en\/wp-json\/wp\/v2\/pages\/1506\/revisions\/12056"}],"wp:attachment":[{"href":"https:\/\/inspiringtango.com\/en\/wp-json\/wp\/v2\/media?parent=1506"}],"curies":[{"name":"wp","href":"https:\/\/api.w.org\/{rel}","templated":true}]}}